{"id":6,"date":"2022-02-13T17:57:39","date_gmt":"2022-02-13T16:57:39","guid":{"rendered":"https:\/\/artisanow.fr\/oj131811\/?page_id=6"},"modified":"2023-05-26T17:52:19","modified_gmt":"2023-05-26T15:52:19","slug":"a-propos-de","status":"publish","type":"page","link":"https:\/\/artisanow.fr\/index.php\/a-propos-de\/","title":{"rendered":"A propos de nous"},"content":{"rendered":"\t\t<div data-elementor-type=\"wp-page\" data-elementor-id=\"6\" class=\"elementor elementor-6\">\n\t\t\t\t\t\t\t\t\t<section class=\"elementor-section elementor-top-section elementor-element elementor-element-122156ea elementor-section-boxed elementor-section-height-default elementor-section-height-default\" data-id=\"122156ea\" data-element_type=\"section\">\n\t\t\t\t\t\t<div class=\"elementor-container elementor-column-gap-default\">\n\t\t\t\t\t<div class=\"elementor-column elementor-col-100 elementor-top-column elementor-element elementor-element-72d5cd81\" data-id=\"72d5cd81\" data-element_type=\"column\">\n\t\t\t<div class=\"elementor-widget-wrap elementor-element-populated\">\n\t\t\t\t\t\t\t\t<div class=\"elementor-element elementor-element-238e477f elementor-widget elementor-widget-text-editor\" data-id=\"238e477f\" data-element_type=\"widget\" data-widget_type=\"text-editor.default\">\n\t\t\t\t<div class=\"elementor-widget-container\">\n\t\t\t<style>\/*! elementor - v3.11.3 - 07-03-2023 *\/\n.elementor-widget-text-editor.elementor-drop-cap-view-stacked .elementor-drop-cap{background-color:#818a91;color:#fff}.elementor-widget-text-editor.elementor-drop-cap-view-framed .elementor-drop-cap{color:#818a91;border:3px solid;background-color:transparent}.elementor-widget-text-editor:not(.elementor-drop-cap-view-default) .elementor-drop-cap{margin-top:8px}.elementor-widget-text-editor:not(.elementor-drop-cap-view-default) .elementor-drop-cap-letter{width:1em;height:1em}.elementor-widget-text-editor .elementor-drop-cap{float:left;text-align:center;line-height:1;font-size:50px}.elementor-widget-text-editor .elementor-drop-cap-letter{display:inline-block}<\/style>\t\t\t\t\t\t\t\t\t\t<\/div>\n\t\t\t\t<\/div>\n\t\t\t\t\t<\/div>\n\t\t<\/div>\n\t\t\t\t\t\t\t<\/div>\n\t\t<\/section>\n\t\t\t\t<section class=\"elementor-section elementor-top-section elementor-element elementor-element-ad4a09d elementor-section-boxed elementor-section-height-default elementor-section-height-default\" data-id=\"ad4a09d\" data-element_type=\"section\">\n\t\t\t\t\t\t<div class=\"elementor-container elementor-column-gap-default\">\n\t\t\t\t\t<div class=\"elementor-column elementor-col-100 elementor-top-column elementor-element elementor-element-87ae69f\" data-id=\"87ae69f\" data-element_type=\"column\">\n\t\t\t<div class=\"elementor-widget-wrap elementor-element-populated\">\n\t\t\t\t\t\t\t\t<div class=\"elementor-element elementor-element-af94dbf elementor-invisible elementor-widget elementor-widget-image\" data-id=\"af94dbf\" data-element_type=\"widget\" data-settings=\"{&quot;_animation&quot;:&quot;fadeInDown&quot;,&quot;_animation_mobile&quot;:&quot;fadeInUp&quot;}\" data-widget_type=\"image.default\">\n\t\t\t\t<div class=\"elementor-widget-container\">\n\t\t\t<style>\/*! elementor - v3.11.3 - 07-03-2023 *\/\n.elementor-widget-image{text-align:center}.elementor-widget-image a{display:inline-block}.elementor-widget-image a img[src$=\".svg\"]{width:48px}.elementor-widget-image img{vertical-align:middle;display:inline-block}<\/style>\t\t\t\t\t\t\t\t\t\t\t\t<img loading=\"lazy\" decoding=\"async\" width=\"200\" height=\"33\" src=\"https:\/\/artisanow.fr\/wp-content\/uploads\/2022\/08\/cropped-5c123f4b326d47f3b7fe1c7e84e341e9-12-1-1.png\" class=\"attachment-medium size-medium wp-image-520\" alt=\"\" \/>\t\t\t\t\t\t\t\t\t\t\t\t\t\t\t<\/div>\n\t\t\t\t<\/div>\n\t\t\t\t<div class=\"elementor-element elementor-element-709c068 elementor-invisible elementor-widget elementor-widget-text-editor\" data-id=\"709c068\" data-element_type=\"widget\" data-settings=\"{&quot;_animation&quot;:&quot;fadeInDown&quot;,&quot;_animation_mobile&quot;:&quot;fadeInUp&quot;}\" data-widget_type=\"text-editor.default\">\n\t\t\t\t<div class=\"elementor-widget-container\">\n\t\t\t\t\t\t\t<div style=\"clear: both; word-break: break-word; margin-left: auto; margin-right: auto; padding-top: 30px; max-width: 600px; width: 600px; font-size: medium; font-variant-ligatures: normal; font-variant-caps: normal;\">\n<p style=\"text-align: center;\"><span style=\"color: #7a7a7a; font-family: Gruppo, sans-serif; font-size: 16px; font-variant-ligatures: normal; font-variant-caps: normal;\">est une jeune entreprise , tous corps d&rsquo;\u00e9tat , <\/span><\/p>\n<p style=\"text-align: center;\"><span style=\"color: #7a7a7a; font-family: Gruppo, sans-serif; font-size: 16px; font-variant-ligatures: normal; font-variant-caps: normal;\">fond\u00e9e en 2022 par<\/span><span style=\"color: #333333; font-family: ftnk; font-size: 16px; font-variant-ligatures: normal; font-variant-caps: normal;\">&nbsp;<\/span><span style=\"color: #7a7a7a; font-family: Gruppo, sans-serif; font-size: 16px; font-variant-ligatures: normal; font-variant-caps: normal;\">Jean Okrucki .&nbsp;<\/span><\/p>\n<p style=\"text-align: center;\"><span style=\"font-family: Gruppo, sans-serif; font-size: 16px; font-variant-ligatures: normal; font-variant-caps: normal;\">Elle intervient en agencement et en <\/span><\/p>\n<p style=\"text-align: center;\"><span style=\"font-family: Gruppo, sans-serif; font-size: 16px; font-variant-ligatures: normal; font-variant-caps: normal;\">r\u00e9novation d&rsquo;int\u00e9rieur&nbsp;<\/span><span style=\"font-size: 16px; font-variant-ligatures: normal; font-variant-caps: normal; color: #333333; font-family: ftnk;\">&nbsp;<\/span><span style=\"font-family: Gruppo, sans-serif; font-size: 16px; font-variant-ligatures: normal; font-variant-caps: normal;\">haut de gamme&nbsp;<\/span><\/p>\n<p style=\"text-align: center;\"><span style=\"font-family: Gruppo, sans-serif; font-size: 16px; font-variant-ligatures: normal; font-variant-caps: normal;\">pour particuliers et professionnels .<\/span><\/p>\n<p style=\"text-align: center;\"><span style=\"font-family: Gruppo, sans-serif; font-size: 16px; font-variant-ligatures: normal; font-variant-caps: normal;\">Elle rassemble une \u00e9quipe de jeunes&nbsp;<\/span><\/p>\n<p style=\"text-align: center;\"><span style=\"font-family: Gruppo, sans-serif; font-size: 16px; font-variant-ligatures: normal; font-variant-caps: normal;\">cr\u00e9ateurs et designers garantissant<\/span><\/p>\n<p style=\"text-align: center;\"><span style=\"font-family: Gruppo, sans-serif; font-size: 16px; font-variant-ligatures: normal; font-variant-caps: normal;\">&nbsp;un travail de qualit\u00e9 .<\/span><span style=\"font-family: Gruppo, sans-serif; font-size: 16px; font-variant-ligatures: normal; font-variant-caps: normal;\">&nbsp;<\/span><span style=\"font-family: Gruppo, sans-serif; font-size: 16px; font-variant-ligatures: normal; font-variant-caps: normal;\">&nbsp;<\/span><\/p>\n<\/div>\n<div style=\"clear: both; word-break: break-word; margin-left: auto; margin-right: auto; padding-bottom: 40px; padding-top: 30px; max-width: 600px; width: 600px; font-size: medium; font-variant-ligatures: normal; font-variant-caps: normal;\">\n<div style=\"font-size: 16px; line-height: 19px; padding-bottom: 10px; padding-top: 5px;\">\n<h1 style=\"color: #a9a9a9; font-family: fbft; font-style: normal; font-size: 16px; line-height: 19px; padding-bottom: 10px; padding-top: 5px; text-align: center;\"><span style=\"color: #7a7a7a; font-family: Gruppo, sans-serif; font-size: 16px; font-style: normal; font-variant-ligatures: normal; font-variant-caps: normal; font-weight: 400;\">&nbsp; &nbsp; <strong>&nbsp;Domaines d&rsquo;activit\u00e9s :<\/strong><\/span><\/h1>\n<p style=\"text-align: center;\">Peinture&nbsp;&nbsp;<\/p>\n<p style=\"text-align: center;\">Pose de rev\u00eatements sol et mural<\/p>\n<p style=\"text-align: center;\">R\u00e9novation de tomette<\/p>\n<p style=\"text-align: center;\">Electricit\u00e9<\/p>\n<p style=\"text-align: center;\">R\u00e9novation de parquet<\/p>\n<p style=\"text-align: center;\">Agencement de meuble sur-mesure<\/p>\n<p style=\"text-align: center;\">Fabrication et pose de cuisine&nbsp;&nbsp;<\/p>\n<p style=\"text-align: center;\">Pose de mobilier de salle de bain&nbsp;<\/p>\n<div style=\"text-align: center;\">&nbsp;<\/div>\n<div style=\"text-align: center;\">&nbsp; &nbsp; &nbsp;<strong>Zone d&rsquo;intervention:<\/strong><\/div>\n<div>&nbsp;<\/div>\n<p style=\"text-align: center;\">Paris<\/p>\n<p style=\"text-align: center;\">Haute-Savoie<\/p>\n<p style=\"text-align: center;\">Gen\u00e8ve<\/p>\n<\/div>\n<\/div>\t\t\t\t\t\t<\/div>\n\t\t\t\t<\/div>\n\t\t\t\t\t<\/div>\n\t\t<\/div>\n\t\t\t\t\t\t\t<\/div>\n\t\t<\/section>\n\t\t\t\t\t\t\t<\/div>\n\t\t","protected":false},"excerpt":{"rendered":"<p>est une jeune entreprise , tous corps d&rsquo;\u00e9tat , fond\u00e9e en 2022 par&nbsp;Jean Okrucki .&nbsp; Elle intervient en agencement et en r\u00e9novation d&rsquo;int\u00e9rieur&nbsp;&nbsp;haut de gamme&nbsp; pour particuliers et professionnels . Elle rassemble une \u00e9quipe de jeunes&nbsp; cr\u00e9ateurs et designers garantissant &nbsp;un travail de qualit\u00e9 .&nbsp;&nbsp; &nbsp; &nbsp; &nbsp;Domaines d&rsquo;activit\u00e9s : Peinture&nbsp;&nbsp; Pose de rev\u00eatements sol [&hellip;]<\/p>\n","protected":false},"author":1,"featured_media":0,"parent":0,"menu_order":0,"comment_status":"closed","ping_status":"closed","template":"","meta":{"footnotes":""},"class_list":["post-6","page","type-page","status-publish","hentry","entry"],"_links":{"self":[{"href":"https:\/\/artisanow.fr\/index.php\/wp-json\/wp\/v2\/pages\/6","targetHints":{"allow":["GET"]}}],"collection":[{"href":"https:\/\/artisanow.fr\/index.php\/wp-json\/wp\/v2\/pages"}],"about":[{"href":"https:\/\/artisanow.fr\/index.php\/wp-json\/wp\/v2\/types\/page"}],"author":[{"embeddable":true,"href":"https:\/\/artisanow.fr\/index.php\/wp-json\/wp\/v2\/users\/1"}],"replies":[{"embeddable":true,"href":"https:\/\/artisanow.fr\/index.php\/wp-json\/wp\/v2\/comments?post=6"}],"version-history":[{"count":203,"href":"https:\/\/artisanow.fr\/index.php\/wp-json\/wp\/v2\/pages\/6\/revisions"}],"predecessor-version":[{"id":960,"href":"https:\/\/artisanow.fr\/index.php\/wp-json\/wp\/v2\/pages\/6\/revisions\/960"}],"wp:attachment":[{"href":"https:\/\/artisanow.fr\/index.php\/wp-json\/wp\/v2\/media?parent=6"}],"curies":[{"name":"wp","href":"https:\/\/api.w.org\/{rel}","templated":true}]}}